{"id":4776,"date":"2022-04-25T21:48:02","date_gmt":"2022-04-25T21:48:02","guid":{"rendered":"http:\/\/solexpert.angelquereda.com\/?page_id=4776"},"modified":"2022-08-06T08:51:44","modified_gmt":"2022-08-06T08:51:44","slug":"politica-legal","status":"publish","type":"page","link":"https:\/\/solexpert.es\/es\/politica-legal\/","title":{"rendered":"Politica de privacidad"},"content":{"rendered":"\t\t<div data-elementor-type=\"wp-page\" data-elementor-id=\"4776\" class=\"elementor elementor-4776\" data-elementor-post-type=\"page\">\n\t\t\t\t\t\t<section class=\"elementor-section elementor-top-section elementor-element elementor-element-6d8f180c elementor-section-full_width elementor-section-height-default elementor-section-height-default\" data-id=\"6d8f180c\" data-element_type=\"section\" data-e-type=\"section\" data-settings=\"{&quot;background_background&quot;:&quot;classic&quot;}\">\n\t\t\t\t\t\t\t<div class=\"elementor-background-overlay\"><\/div>\n\t\t\t\t\t\t\t<div class=\"elementor-container elementor-column-gap-no\">\n\t\t\t\t\t<div class=\"elementor-column elementor-col-100 elementor-top-column elementor-element elementor-element-4ed57414\" data-id=\"4ed57414\" data-element_type=\"column\" data-e-type=\"column\">\n\t\t\t<div class=\"elementor-widget-wrap elementor-element-populated\">\n\t\t\t\t\t\t<div class=\"elementor-element elementor-element-13dce683 elementor-widget elementor-widget-heading\" data-id=\"13dce683\" data-element_type=\"widget\" data-e-type=\"widget\" data-widget_type=\"heading.default\">\n\t\t\t\t<div class=\"elementor-widget-container\">\n\t\t\t\t\t<h2 class=\"elementor-heading-title elementor-size-default\">Pol\u00edtica de privacidad<\/h2>\t\t\t\t<\/div>\n\t\t\t\t<\/div>\n\t\t\t\t\t<\/div>\n\t\t<\/div>\n\t\t\t\t\t<\/div>\n\t\t<\/section>\n\t\t\t\t<section class=\"elementor-section elementor-top-section elementor-element elementor-element-727f2351 elementor-section-boxed elementor-section-height-default elementor-section-height-default\" data-id=\"727f2351\" data-element_type=\"section\" data-e-type=\"section\">\n\t\t\t\t\t\t<div class=\"elementor-container elementor-column-gap-default\">\n\t\t\t\t\t<div class=\"elementor-column elementor-col-100 elementor-top-column elementor-element elementor-element-13110a78\" data-id=\"13110a78\" data-element_type=\"column\" data-e-type=\"column\">\n\t\t\t<div class=\"elementor-widget-wrap elementor-element-populated\">\n\t\t\t\t\t\t<div class=\"elementor-element elementor-element-11816ca elementor-widget elementor-widget-text-editor\" data-id=\"11816ca\" data-element_type=\"widget\" data-e-type=\"widget\" data-widget_type=\"text-editor.default\">\n\t\t\t\t<div class=\"elementor-widget-container\">\n\t\t\t\t\t\t\t\t\t<div id=\"r5002\" class=\"row designRow\"><div class=\"container container-fluid\"><div class=\"col col-sm-12\"><div id=\"r2474\" class=\"row \"><div class=\"container container-fixed\"><div class=\"col col-sm-12 col-md-12\"><div class=\"module text\"><h2 class=\"subtitle\">Pol\u00edtica de privacidad<\/h2><\/div><div class=\"module text\"><ol class=\"bodytext\"><li class=\"bodytext\"><p>Pol\u00edtica de privacidad<\/p><p>USO Y TRATAMIENTO DE DATOS DE CAR\u00c1CTER PERSONAL<\/p><p>Le informamos que los datos de car\u00e1cter personal que pudieran proporcionarse, a trav\u00e9s de este sitio web, as\u00ed como los que pudiera facilitar en el futuro en el marco de su relaci\u00f3n jur\u00eddica con esta entidad, ser\u00e1n incorporados a nuestra base de datos. Se informa sobre los siguientes extremos relativos a la protecci\u00f3n de datos:<\/p><p>Responsable del tratamiento: Somos responsables de los datos recogidos en el formulario correspondiente.<br \/>Necesidad del tratamiento: La comunicaci\u00f3n de sus datos a trav\u00e9s del formulario correspondiente es obligatoria para poder contactar.<br \/>Finalidades del tratamiento y legitimaci\u00f3n del tratamiento:<br \/>Gestionar, administrar, prestarle los servicios o facilitarle los productos que solicite y, en su caso, para el cumplimiento y ejecuci\u00f3n de los contratos que pudiera suscribir, conocer mejor sus gustos, adecuar los servicios a sus preferencias.<br \/>Enviarlo, por correo postal, correo electr\u00f3nico y otros medios de comunicaci\u00f3n electr\u00f3nica equivalente, comunicaciones comerciales y publicitarias sobre nuestros productos y\/o servicios.<br \/>Destinatarios: Contratamos con alguna entidad que prestan servicios como los de mantenimiento y hosting, a trav\u00e9s de contratos de encargo del tratamiento para apoyar las finalidades de tratamiento indicadas.<br \/>Plazo de conservaci\u00f3n de datos: Conservaremos sus datos mientras se mantenga el tratamiento y no solicite la supresi\u00f3n de los datos.<br \/>Derechos: Podr\u00e1 ejercitar los derechos de acceso, rectificaci\u00f3n, supresi\u00f3n, limitaci\u00f3n al tratamiento, oposici\u00f3n, portabilidad y derecho a no ser objeto de una decisi\u00f3n basada \u00fanicamente en el tratamiento automatizado, mediante comunicaci\u00f3n escrita en el domicilio indicado en el aviso legal y en revocar su consentimiento sin efectos retroactivos u oponerse a la recepci\u00f3n de comunicaciones comerciales publicitarias por correo electr\u00f3nico y otros medios de comunicaci\u00f3n electr\u00f3nica equivalente, enviando ya presentar una reclamaci\u00f3n ante la Autoridad de control, en Espa\u00f1a, la Agencia Espa\u00f1ola de Protecci\u00f3n de Datos.<br \/>Modificaci\u00f3n de la pol\u00edtica de privacidad: Nos reservamos el derecho a modificar su Pol\u00edtica de Privacidad, de acuerdo con nuestro propio criterio, o motivado por un cambio doctrinal de la Autoridad competente en Protecci\u00f3n de Datos, legislativo o jurisprudencial. El uso de la Web despu\u00e9s de estos cambios implicar\u00e1 aceptarlos.<br \/>Legislaci\u00f3n aplicable: Cualquier controversia que se derive del uso de este Site, ser\u00e1 regida, interpretada y sometida de acuerdo con las leyes de Espa\u00f1a<\/p><\/li><\/ol><\/div><\/div><\/div><\/div><\/div><\/div><\/div>\t\t\t\t\t\t\t\t<\/div>\n\t\t\t\t<\/div>\n\t\t\t\t\t<\/div>\n\t\t<\/div>\n\t\t\t\t\t<\/div>\n\t\t<\/section>\n\t\t\t\t<\/div>\n\t\t","protected":false},"excerpt":{"rendered":"<p>Pol&iacute;tica de privacidad Pol&iacute;tica de privacidad Pol&iacute;tica de privacidad USO Y TRATAMIENTO DE DATOS DE CAR&Aacute;CTER PERSONAL Le informamos que los datos de car&aacute;cter personal que pudieran proporcionarse, a trav&eacute;s de este sitio web, as&iacute; como los que pudiera facilitar en el futuro en el marco de su relaci&oacute;n jur&iacute;dica con esta entidad, ser&aacute;n incorporados a nuestra base de datos. [&hellip;]<\/p>\n","protected":false},"author":1,"featured_media":0,"parent":0,"menu_order":0,"comment_status":"closed","ping_status":"closed","template":"elementor_header_footer","meta":{"_joinchat":[],"footnotes":""},"class_list":["post-4776","page","type-page","status-publish","hentry"],"yoast_head":"<!-- This site is optimized with the Yoast SEO plugin v27.4 - https:\/\/yoast.com\/product\/yoast-seo-wordpress\/ -->\n<title>Politica de privacidad - \u25b6 Venta de toldos en L&#039; Escala<\/title>\n<meta name=\"robots\" content=\"index, follow, max-snippet:-1, max-image-preview:large, max-video-preview:-1\" \/>\n<link rel=\"canonical\" href=\"https:\/\/solexpert.es\/es\/politica-legal\/\" \/>\n<meta property=\"og:locale\" content=\"es_ES\" \/>\n<meta property=\"og:type\" content=\"article\" \/>\n<meta property=\"og:title\" content=\"Politica de privacidad - \u25b6 Venta de toldos en L&#039; Escala\" \/>\n<meta property=\"og:description\" content=\"Pol&iacute;tica de privacidad Pol&iacute;tica de privacidad Pol&iacute;tica de privacidad USO Y TRATAMIENTO DE DATOS DE CAR&Aacute;CTER PERSONAL Le informamos que los datos de car&aacute;cter personal que pudieran proporcionarse, a trav&eacute;s de este sitio web, as&iacute; como los que pudiera facilitar en el futuro en el marco de su relaci&oacute;n jur&iacute;dica con esta entidad, ser&aacute;n incorporados a nuestra base de datos. [&hellip;]\" \/>\n<meta property=\"og:url\" content=\"https:\/\/solexpert.es\/es\/politica-legal\/\" \/>\n<meta property=\"og:site_name\" content=\"\u25b6 Venta de toldos en L&#039; Escala\" \/>\n<meta property=\"article:modified_time\" content=\"2022-08-06T08:51:44+00:00\" \/>\n<meta name=\"twitter:card\" content=\"summary_large_image\" \/>\n<meta name=\"twitter:label1\" content=\"Tiempo de lectura\" \/>\n\t<meta name=\"twitter:data1\" content=\"3 minutos\" \/>\n<script type=\"application\/ld+json\" class=\"yoast-schema-graph\">{\"@context\":\"https:\\\/\\\/schema.org\",\"@graph\":[{\"@type\":\"WebPage\",\"@id\":\"https:\\\/\\\/solexpert.es\\\/es\\\/politica-legal\\\/\",\"url\":\"https:\\\/\\\/solexpert.es\\\/es\\\/politica-legal\\\/\",\"name\":\"Politica de privacidad - \u25b6 Venta de toldos en L&#039; Escala\",\"isPartOf\":{\"@id\":\"https:\\\/\\\/solexpert.info\\\/#website\"},\"datePublished\":\"2022-04-25T21:48:02+00:00\",\"dateModified\":\"2022-08-06T08:51:44+00:00\",\"breadcrumb\":{\"@id\":\"https:\\\/\\\/solexpert.es\\\/es\\\/politica-legal\\\/#breadcrumb\"},\"inLanguage\":\"es\",\"potentialAction\":[{\"@type\":\"ReadAction\",\"target\":[\"https:\\\/\\\/solexpert.es\\\/es\\\/politica-legal\\\/\"]}]},{\"@type\":\"BreadcrumbList\",\"@id\":\"https:\\\/\\\/solexpert.es\\\/es\\\/politica-legal\\\/#breadcrumb\",\"itemListElement\":[{\"@type\":\"ListItem\",\"position\":1,\"name\":\"Inici\",\"item\":\"https:\\\/\\\/solexpert.es\\\/es\\\/\"},{\"@type\":\"ListItem\",\"position\":2,\"name\":\"Politica de privacidad\"}]},{\"@type\":\"WebSite\",\"@id\":\"https:\\\/\\\/solexpert.info\\\/#website\",\"url\":\"https:\\\/\\\/solexpert.info\\\/\",\"name\":\"\u25b6 Venta de toldos en L&#039; Escala\",\"description\":\"\",\"publisher\":{\"@id\":\"https:\\\/\\\/solexpert.info\\\/#organization\"},\"potentialAction\":[{\"@type\":\"SearchAction\",\"target\":{\"@type\":\"EntryPoint\",\"urlTemplate\":\"https:\\\/\\\/solexpert.info\\\/?s={search_term_string}\"},\"query-input\":{\"@type\":\"PropertyValueSpecification\",\"valueRequired\":true,\"valueName\":\"search_term_string\"}}],\"inLanguage\":\"es\"},{\"@type\":\"Organization\",\"@id\":\"https:\\\/\\\/solexpert.info\\\/#organization\",\"name\":\"\u25b6 Venta de toldos en L&#039; Escala\",\"url\":\"https:\\\/\\\/solexpert.info\\\/\",\"logo\":{\"@type\":\"ImageObject\",\"inLanguage\":\"es\",\"@id\":\"https:\\\/\\\/solexpert.info\\\/#\\\/schema\\\/logo\\\/image\\\/\",\"url\":\"https:\\\/\\\/solexpert.es\\\/wp-content\\\/uploads\\\/2022\\\/04\\\/logo.png\",\"contentUrl\":\"https:\\\/\\\/solexpert.es\\\/wp-content\\\/uploads\\\/2022\\\/04\\\/logo.png\",\"width\":890,\"height\":500,\"caption\":\"\u25b6 Venta de toldos en L&#039; Escala\"},\"image\":{\"@id\":\"https:\\\/\\\/solexpert.info\\\/#\\\/schema\\\/logo\\\/image\\\/\"}}]}<\/script>\n<!-- \/ Yoast SEO plugin. -->","yoast_head_json":{"title":"Politica de privacidad - \u25b6 Venta de toldos en L&#039; Escala","robots":{"index":"index","follow":"follow","max-snippet":"max-snippet:-1","max-image-preview":"max-image-preview:large","max-video-preview":"max-video-preview:-1"},"canonical":"https:\/\/solexpert.es\/es\/politica-legal\/","og_locale":"es_ES","og_type":"article","og_title":"Politica de privacidad - \u25b6 Venta de toldos en L&#039; Escala","og_description":"Pol&iacute;tica de privacidad Pol&iacute;tica de privacidad Pol&iacute;tica de privacidad USO Y TRATAMIENTO DE DATOS DE CAR&Aacute;CTER PERSONAL Le informamos que los datos de car&aacute;cter personal que pudieran proporcionarse, a trav&eacute;s de este sitio web, as&iacute; como los que pudiera facilitar en el futuro en el marco de su relaci&oacute;n jur&iacute;dica con esta entidad, ser&aacute;n incorporados a nuestra base de datos. [&hellip;]","og_url":"https:\/\/solexpert.es\/es\/politica-legal\/","og_site_name":"\u25b6 Venta de toldos en L&#039; Escala","article_modified_time":"2022-08-06T08:51:44+00:00","twitter_card":"summary_large_image","twitter_misc":{"Tiempo de lectura":"3 minutos"},"schema":{"@context":"https:\/\/schema.org","@graph":[{"@type":"WebPage","@id":"https:\/\/solexpert.es\/es\/politica-legal\/","url":"https:\/\/solexpert.es\/es\/politica-legal\/","name":"Politica de privacidad - \u25b6 Venta de toldos en L&#039; Escala","isPartOf":{"@id":"https:\/\/solexpert.info\/#website"},"datePublished":"2022-04-25T21:48:02+00:00","dateModified":"2022-08-06T08:51:44+00:00","breadcrumb":{"@id":"https:\/\/solexpert.es\/es\/politica-legal\/#breadcrumb"},"inLanguage":"es","potentialAction":[{"@type":"ReadAction","target":["https:\/\/solexpert.es\/es\/politica-legal\/"]}]},{"@type":"BreadcrumbList","@id":"https:\/\/solexpert.es\/es\/politica-legal\/#breadcrumb","itemListElement":[{"@type":"ListItem","position":1,"name":"Inici","item":"https:\/\/solexpert.es\/es\/"},{"@type":"ListItem","position":2,"name":"Politica de privacidad"}]},{"@type":"WebSite","@id":"https:\/\/solexpert.info\/#website","url":"https:\/\/solexpert.info\/","name":"\u25b6 Venta de toldos en L&#039; Escala","description":"","publisher":{"@id":"https:\/\/solexpert.info\/#organization"},"potentialAction":[{"@type":"SearchAction","target":{"@type":"EntryPoint","urlTemplate":"https:\/\/solexpert.info\/?s={search_term_string}"},"query-input":{"@type":"PropertyValueSpecification","valueRequired":true,"valueName":"search_term_string"}}],"inLanguage":"es"},{"@type":"Organization","@id":"https:\/\/solexpert.info\/#organization","name":"\u25b6 Venta de toldos en L&#039; Escala","url":"https:\/\/solexpert.info\/","logo":{"@type":"ImageObject","inLanguage":"es","@id":"https:\/\/solexpert.info\/#\/schema\/logo\/image\/","url":"https:\/\/solexpert.es\/wp-content\/uploads\/2022\/04\/logo.png","contentUrl":"https:\/\/solexpert.es\/wp-content\/uploads\/2022\/04\/logo.png","width":890,"height":500,"caption":"\u25b6 Venta de toldos en L&#039; Escala"},"image":{"@id":"https:\/\/solexpert.info\/#\/schema\/logo\/image\/"}}]}},"_links":{"self":[{"href":"https:\/\/solexpert.es\/es\/wp-json\/wp\/v2\/pages\/4776","targetHints":{"allow":["GET"]}}],"collection":[{"href":"https:\/\/solexpert.es\/es\/wp-json\/wp\/v2\/pages"}],"about":[{"href":"https:\/\/solexpert.es\/es\/wp-json\/wp\/v2\/types\/page"}],"author":[{"embeddable":true,"href":"https:\/\/solexpert.es\/es\/wp-json\/wp\/v2\/users\/1"}],"replies":[{"embeddable":true,"href":"https:\/\/solexpert.es\/es\/wp-json\/wp\/v2\/comments?post=4776"}],"version-history":[{"count":8,"href":"https:\/\/solexpert.es\/es\/wp-json\/wp\/v2\/pages\/4776\/revisions"}],"predecessor-version":[{"id":6347,"href":"https:\/\/solexpert.es\/es\/wp-json\/wp\/v2\/pages\/4776\/revisions\/6347"}],"wp:attachment":[{"href":"https:\/\/solexpert.es\/es\/wp-json\/wp\/v2\/media?parent=4776"}],"curies":[{"name":"wp","href":"https:\/\/api.w.org\/{rel}","templated":true}]}}