{"id":4792,"date":"2022-04-25T21:55:33","date_gmt":"2022-04-25T21:55:33","guid":{"rendered":"http:\/\/solexpert.angelquereda.com\/?page_id=4792"},"modified":"2022-08-06T08:52:17","modified_gmt":"2022-08-06T08:52:17","slug":"cookies","status":"publish","type":"page","link":"https:\/\/solexpert.es\/es\/cookies\/","title":{"rendered":"Cookies"},"content":{"rendered":"\t\t<div data-elementor-type=\"wp-page\" data-elementor-id=\"4792\" class=\"elementor elementor-4792\" data-elementor-post-type=\"page\">\n\t\t\t\t\t\t<section class=\"elementor-section elementor-top-section elementor-element elementor-element-33c7cd25 elementor-section-full_width elementor-section-height-default elementor-section-height-default\" data-id=\"33c7cd25\" data-element_type=\"section\" data-e-type=\"section\" data-settings=\"{&quot;background_background&quot;:&quot;classic&quot;}\">\n\t\t\t\t\t\t\t<div class=\"elementor-background-overlay\"><\/div>\n\t\t\t\t\t\t\t<div class=\"elementor-container elementor-column-gap-no\">\n\t\t\t\t\t<div class=\"elementor-column elementor-col-100 elementor-top-column elementor-element elementor-element-6a2bed8b\" data-id=\"6a2bed8b\" data-element_type=\"column\" data-e-type=\"column\">\n\t\t\t<div class=\"elementor-widget-wrap elementor-element-populated\">\n\t\t\t\t\t\t<div class=\"elementor-element elementor-element-1bd370aa elementor-widget elementor-widget-heading\" data-id=\"1bd370aa\" data-element_type=\"widget\" data-e-type=\"widget\" data-widget_type=\"heading.default\">\n\t\t\t\t<div class=\"elementor-widget-container\">\n\t\t\t\t\t<h2 class=\"elementor-heading-title elementor-size-default\">Pol\u00edtica de Cookies<\/h2>\t\t\t\t<\/div>\n\t\t\t\t<\/div>\n\t\t\t\t\t<\/div>\n\t\t<\/div>\n\t\t\t\t\t<\/div>\n\t\t<\/section>\n\t\t\t\t<section class=\"elementor-section elementor-top-section elementor-element elementor-element-48bd4eb6 elementor-section-boxed elementor-section-height-default elementor-section-height-default\" data-id=\"48bd4eb6\" data-element_type=\"section\" data-e-type=\"section\">\n\t\t\t\t\t\t<div class=\"elementor-container elementor-column-gap-default\">\n\t\t\t\t\t<div class=\"elementor-column elementor-col-100 elementor-top-column elementor-element elementor-element-441a8885\" data-id=\"441a8885\" data-element_type=\"column\" data-e-type=\"column\">\n\t\t\t<div class=\"elementor-widget-wrap elementor-element-populated\">\n\t\t\t\t\t\t<div class=\"elementor-element elementor-element-cd97cbb elementor-widget elementor-widget-text-editor\" data-id=\"cd97cbb\" data-element_type=\"widget\" data-e-type=\"widget\" data-widget_type=\"text-editor.default\">\n\t\t\t\t<div class=\"elementor-widget-container\">\n\t\t\t\t\t\t\t\t\t<p>Pol\u00edtica de privacidad<\/p><p>El objeto de la presente pol\u00edtica es informar del uso de cookies en este sitio web de acuerdo a lo establecido en la legislaci\u00f3n de los servicios de la sociedad de la informaci\u00f3n y de comercio electr\u00f3nico.<\/p><p>\u00bfQu\u00e9 son las cookies y por qu\u00e9 se utilizan?<\/p><p>Las cookies, son archivos o archivos de texto que un servidor web genera y almacena en el ordenador El objeto de la presente pol\u00edtica es informar del uso de cookies en este sitio web de acuerdo con lo establecido en la legislaci\u00f3n de los servicios de la sociedad informaci\u00f3n y de comercio electr\u00f3nico.<\/p><p>\u00bfQu\u00e9 son las cookies y por qu\u00e9 se utilizan?<\/p><p>Las cookies son archivos o archivos de texto que un servidor web genera y almacena en el ordenador\/smartphone\/tablet (en adelante equipo) de un Usuario al acceder a determinadas p\u00e1ginas web, para almacenar y recuperar informaci\u00f3n sobre la navegaci\u00f3n que realiza el usuario desde dicho equipo. Tambi\u00e9n pueden consistir en un c\u00f3digo que permite identificar al usuario inequ\u00edvocamente durante la navegaci\u00f3n. Por eso las cookies pueden almacenar informaci\u00f3n sobre el equipo de un Usuario o sobre sus sesiones de navegaci\u00f3n de los sitios web que ha visitado, tal como p\u00e1gina que visita, el tiempo de conexi\u00f3n a Internet, y otros datos seg\u00fan el tipo de cookie .<\/p><p>En definitiva, el uso de cookies en la navegaci\u00f3n a trav\u00e9s del sitio web permite obtener informaci\u00f3n relativa a la navegaci\u00f3n de los usuarios; mejorar la experiencia del usuario en la navegaci\u00f3n; recoger las estad\u00edsticas de uso del sitio web por el Usuario y otras informaciones como el navegador empleado por el Usuario, el n\u00famero de p\u00e1ginas visitadas, el n\u00famero de visitas, el rastreo de los movimientos que hace el Usuario por un sitio web, el tiempo que permanece en el sitio web o en una p\u00e1gina concreta, llenar o vaciar la cesta de la compra, y otras informaciones; geolocalizar el Usuario mediante la geolocalizaci\u00f3n del dispositivo conectado (informaci\u00f3n sobre la regi\u00f3n y, potencialmente, datos de la localidad en algunos pa\u00edses); medir la efectividad de las campa\u00f1as de correo electr\u00f3nico y mejorar las caracter\u00edsticas del servicio para segmentos espec\u00edficos de los usuarios y especialmente de los suscriptores de la recepci\u00f3n de comunicaciones electr\u00f3nicas comerciales publicitarias y boletines; conocer si los receptores de comunicaciones electr\u00f3nicas comerciales publicitarias y boletines han procedido a la apertura de las citadas comunicaciones y el uso de los enlaces contenidos en los mismos para cada uno de los destinatarios, tal como la pulsaci\u00f3n de los enlaces contenidos en los correos, y poder elaborar con la informaci\u00f3n recogida informes de seguimiento de las campa\u00f1as.<\/p><p>Este sitio web utiliza cookies, tanto propias como de terceros. M\u00e1s adelante el Usuario puede encontrar informaci\u00f3n concreta.<\/p><p>\u00bfC\u00f3mo se autoriza el uso de cookies en nuestro sitio web?<\/p><p>En relaci\u00f3n con el uso de cookies en este sitio web, el Usuario debe saber que nos autoriza y consiente el uso de cookies de la siguiente forma:<\/p><p>Acepta el uso de las cookies utilizadas en este sitio web para las finalidades indicadas en esta pol\u00edtica seleccionando la opci\u00f3n deseada y haciendo clic sobre el bot\u00f3n \u201cAceptar selecci\u00f3n\u201d o para aceptar todas las cookies haciendo clic sobre el bot\u00f3n \u201cAceptar todo\u201d que se publican en la primera capa de informaci\u00f3n.<\/p><p>En cualquier caso, a pesar de la aceptaci\u00f3n inicial de uso de las cookies en la navegaci\u00f3n a trav\u00e9s de nuestro sitio web, en cualquier momento el Usuario puede revocar su consentimiento, deshabilitar y rechazar su utilizaci\u00f3n, seg\u00fan s explica en el apartado correspondiente de esta pol\u00edtica , o haciendo clic sobre el bot\u00f3n Cookies al pie de cada p\u00e1gina.<\/p><p>En cualquier caso, el Usuario tiene el control sobre las cookies, ya que est\u00e1n almacenadas en el navegador de los equipos que utilizan. Por tanto, en cualquier momento el usuario podr\u00e1 leerlas, filtrarlas, rechazarlas y eliminarlas.<\/p><p>\u00bfCu\u00e1les son las cookies de terceros utilizadas y la finalidad de uso en el sitio web?<\/p><p>Soluci\u00f3n de Terceros<\/p><p>Tipo\/Prop\u00f3sito<\/p><p>Proveedor<\/p><p>Google Analytics<\/p><p>Ubicaci\u00f3n: Google Maps proporciona un servicio de mapas. Registra el origen del usuario y las claves utilizadas. Genera un prefijo \u00fanico con fines anal\u00edticos. Anal\u00edticas: Google proporciona datos an\u00f3nimos sobre las visitas a la p\u00e1gina web. V\u00eddeos: Youtube permite la subida y visualizaci\u00f3n de v\u00eddeos. Use cookies para medir las visualizaciones o registrar eventos. Interacci\u00f3n Social: Google permite que la informaci\u00f3n de la WEB sea compartida en su red social Google +<\/p><p>Google Inc.<\/p><p>Add to any<\/p><p>Interacci\u00f3n social: Permite que la web sea compartida en redes sociales.<\/p><p>AddToAny<\/p><p>AddThis<\/p><p>Herramientas web. Interacci\u00f3n social. Addthis permite que la web sea compartida en redes sociales como Google+, Facebook, etc.<\/p><p>Oracle Inc.<\/p><p>Adobe Omniture<\/p><p>Anal\u00edticas: Omniture proporciona datos an\u00f3nimos sobre las visitas a nuestra web y nos permite realizar pruebas y evaluar la mejor manera de presentar la web a nuestros usuarios.<\/p><p>Adobe Sy stems Incorporated<\/p><p>YouTube<\/p><p>Web Video<\/p><p>Google Inc.<\/p><p>Facebook<\/p><p>Facebook Like, Comments, Feed<\/p><p>Facebook Inc.<\/p><p>Twitter<\/p><p>Follow Us<\/p><p>Facebook Inc.<\/p><p>C\u00f3mo se puede rechazar<\/p><p>ar, desactivar y eliminar las cookies utilizadas en nuestro sitio web?<\/p><p>El Usuario tiene la opci\u00f3n de impedir o rechazar el uso de cookies, desactivarlas y eliminarlas en cualquier momento respecto a la navegaci\u00f3n por este sitio web.<\/p><p>La mayor\u00eda de los navegadores web permiten gestionar, en cualquier momento, las preferencias del usuario sobre el uso de cookies. El usuario puede ajustar el navegador para que rechace cookies o elimine determinadas cookies seg\u00fan su criterio.<\/p><p>Para la configuraci\u00f3n de nuestras cookies (permitir, bloquear o eliminar las cookies) y las de terceros el usuario puede hacerlo mediante la configuraci\u00f3n de las opciones del navegador instalado en su ordenador.<\/p><p>Firefox https:\/\/support.mozilla.org\/ca\/kb\/Deshabilitar%20c\u2026<\/p><p>Chrome http:\/\/support.google.com\/chrome\/bin\/answer.py?hl=\u2026<\/p><p>Internet Explorer https:\/\/support.microsoft.com\/es-es\/help\/1744\u2026<\/p><p>Safari -&gt; https:\/\/support.apple.com\/es-es\/guide\/safari\/sfri11471\/mac<\/p><p>Opera http:\/\/help.opera.com\/Windows\/11.50\/es-ES\/cookies\u2026.<\/p><p>El Usuario puede revocar su consentimiento para el uso de cookies en el navegador a trav\u00e9s de las indicaciones anteriores (navegadores normalmente m\u00e1s utilizados).<\/p><p>Para deshabilitar cookies y dispositivos de almacenamiento y recuperaci\u00f3n de datos individualmente puede instalar en el navegador la extensi\u00f3n \u201cGhostery\u201d.<\/p><p>El Usuario debe tener en cuenta que algunas caracter\u00edsticas de los contenidos de este sitio web s\u00f3lo est\u00e1n disponibles si se permite la instalaci\u00f3n de Cookies en su navegador. Si decide no aceptar o bloquear determinadas cookies (en funci\u00f3n de su finalidad), puede que esto afecte, total o parcialmente, al funcionamiento normal de la p\u00e1gina web o que impida el acceso a algunos servicios de la misma.<\/p><p>Actualizaciones y cambios en la Pol\u00edtica de cookies.<\/p><p>El responsable puede modificar esta Pol\u00edtica de Cookies en funci\u00f3n de cambios en el uso de Cookies en su sitio web, de nuevas exigencias legislativas, reglamentarias, o con el fin de adaptar esta pol\u00edtica a las instrucciones dictadas por las autoridades de control, en concreto, Agencia Espa\u00f1ola de Protecci\u00f3n de Datos.<\/p><p>Es posible por tanto que se produzcan cambios significativos en esta Pol\u00edtica de Cookies los cuales ser\u00e1n publicados en la misma. Pero ser\u00e1 responsabilidad del Usuario acceder a esta Pol\u00edtica de forma peri\u00f3dica para conocer cualquier cambio, sin perjuicio de la posibilidad de comunicar a los usuarios del sitio web estos cambios mediante un aviso informativo en nuestro sitio web y\/o mediante otros medios.<\/p>\t\t\t\t\t\t\t\t<\/div>\n\t\t\t\t<\/div>\n\t\t\t\t\t<\/div>\n\t\t<\/div>\n\t\t\t\t\t<\/div>\n\t\t<\/section>\n\t\t\t\t<\/div>\n\t\t","protected":false},"excerpt":{"rendered":"<p>Pol&iacute;tica de Cookies Pol&iacute;tica de privacidad El objeto de la presente pol&iacute;tica es informar del uso de cookies en este sitio web de acuerdo a lo establecido en la legislaci&oacute;n de los servicios de la sociedad de la informaci&oacute;n y de comercio electr&oacute;nico. &iquest;Qu&eacute; son las cookies y por qu&eacute; se utilizan? Las cookies, son archivos o archivos de texto [&hellip;]<\/p>\n","protected":false},"author":1,"featured_media":0,"parent":0,"menu_order":0,"comment_status":"closed","ping_status":"closed","template":"elementor_header_footer","meta":{"_joinchat":[],"footnotes":""},"class_list":["post-4792","page","type-page","status-publish","hentry"],"yoast_head":"<!-- This site is optimized with the Yoast SEO plugin v27.4 - https:\/\/yoast.com\/product\/yoast-seo-wordpress\/ -->\n<title>Cookies - \u25b6 Venta de toldos en L&#039; Escala<\/title>\n<meta name=\"robots\" content=\"index, follow, max-snippet:-1, max-image-preview:large, max-video-preview:-1\" \/>\n<link rel=\"canonical\" href=\"https:\/\/solexpert.es\/es\/cookies\/\" \/>\n<meta property=\"og:locale\" content=\"es_ES\" \/>\n<meta property=\"og:type\" content=\"article\" \/>\n<meta property=\"og:title\" content=\"Cookies - \u25b6 Venta de toldos en L&#039; Escala\" \/>\n<meta property=\"og:description\" content=\"Pol&iacute;tica de Cookies Pol&iacute;tica de privacidad El objeto de la presente pol&iacute;tica es informar del uso de cookies en este sitio web de acuerdo a lo establecido en la legislaci&oacute;n de los servicios de la sociedad de la informaci&oacute;n y de comercio electr&oacute;nico. &iquest;Qu&eacute; son las cookies y por qu&eacute; se utilizan? Las cookies, son archivos o archivos de texto [&hellip;]\" \/>\n<meta property=\"og:url\" content=\"https:\/\/solexpert.es\/es\/cookies\/\" \/>\n<meta property=\"og:site_name\" content=\"\u25b6 Venta de toldos en L&#039; Escala\" \/>\n<meta property=\"article:modified_time\" content=\"2022-08-06T08:52:17+00:00\" \/>\n<meta name=\"twitter:card\" content=\"summary_large_image\" \/>\n<meta name=\"twitter:label1\" content=\"Tiempo de lectura\" \/>\n\t<meta name=\"twitter:data1\" content=\"7 minutos\" \/>\n<script type=\"application\/ld+json\" class=\"yoast-schema-graph\">{\"@context\":\"https:\\\/\\\/schema.org\",\"@graph\":[{\"@type\":\"WebPage\",\"@id\":\"https:\\\/\\\/solexpert.es\\\/es\\\/cookies\\\/\",\"url\":\"https:\\\/\\\/solexpert.es\\\/es\\\/cookies\\\/\",\"name\":\"Cookies - \u25b6 Venta de toldos en L&#039; Escala\",\"isPartOf\":{\"@id\":\"https:\\\/\\\/solexpert.info\\\/#website\"},\"datePublished\":\"2022-04-25T21:55:33+00:00\",\"dateModified\":\"2022-08-06T08:52:17+00:00\",\"breadcrumb\":{\"@id\":\"https:\\\/\\\/solexpert.es\\\/es\\\/cookies\\\/#breadcrumb\"},\"inLanguage\":\"es\",\"potentialAction\":[{\"@type\":\"ReadAction\",\"target\":[\"https:\\\/\\\/solexpert.es\\\/es\\\/cookies\\\/\"]}]},{\"@type\":\"BreadcrumbList\",\"@id\":\"https:\\\/\\\/solexpert.es\\\/es\\\/cookies\\\/#breadcrumb\",\"itemListElement\":[{\"@type\":\"ListItem\",\"position\":1,\"name\":\"Inici\",\"item\":\"https:\\\/\\\/solexpert.es\\\/es\\\/\"},{\"@type\":\"ListItem\",\"position\":2,\"name\":\"Cookies\"}]},{\"@type\":\"WebSite\",\"@id\":\"https:\\\/\\\/solexpert.info\\\/#website\",\"url\":\"https:\\\/\\\/solexpert.info\\\/\",\"name\":\"\u25b6 Venta de toldos en L&#039; Escala\",\"description\":\"\",\"publisher\":{\"@id\":\"https:\\\/\\\/solexpert.info\\\/#organization\"},\"potentialAction\":[{\"@type\":\"SearchAction\",\"target\":{\"@type\":\"EntryPoint\",\"urlTemplate\":\"https:\\\/\\\/solexpert.info\\\/?s={search_term_string}\"},\"query-input\":{\"@type\":\"PropertyValueSpecification\",\"valueRequired\":true,\"valueName\":\"search_term_string\"}}],\"inLanguage\":\"es\"},{\"@type\":\"Organization\",\"@id\":\"https:\\\/\\\/solexpert.info\\\/#organization\",\"name\":\"\u25b6 Venta de toldos en L&#039; Escala\",\"url\":\"https:\\\/\\\/solexpert.info\\\/\",\"logo\":{\"@type\":\"ImageObject\",\"inLanguage\":\"es\",\"@id\":\"https:\\\/\\\/solexpert.info\\\/#\\\/schema\\\/logo\\\/image\\\/\",\"url\":\"https:\\\/\\\/solexpert.es\\\/wp-content\\\/uploads\\\/2022\\\/04\\\/logo.png\",\"contentUrl\":\"https:\\\/\\\/solexpert.es\\\/wp-content\\\/uploads\\\/2022\\\/04\\\/logo.png\",\"width\":890,\"height\":500,\"caption\":\"\u25b6 Venta de toldos en L&#039; Escala\"},\"image\":{\"@id\":\"https:\\\/\\\/solexpert.info\\\/#\\\/schema\\\/logo\\\/image\\\/\"}}]}<\/script>\n<!-- \/ Yoast SEO plugin. -->","yoast_head_json":{"title":"Cookies - \u25b6 Venta de toldos en L&#039; Escala","robots":{"index":"index","follow":"follow","max-snippet":"max-snippet:-1","max-image-preview":"max-image-preview:large","max-video-preview":"max-video-preview:-1"},"canonical":"https:\/\/solexpert.es\/es\/cookies\/","og_locale":"es_ES","og_type":"article","og_title":"Cookies - \u25b6 Venta de toldos en L&#039; Escala","og_description":"Pol&iacute;tica de Cookies Pol&iacute;tica de privacidad El objeto de la presente pol&iacute;tica es informar del uso de cookies en este sitio web de acuerdo a lo establecido en la legislaci&oacute;n de los servicios de la sociedad de la informaci&oacute;n y de comercio electr&oacute;nico. &iquest;Qu&eacute; son las cookies y por qu&eacute; se utilizan? Las cookies, son archivos o archivos de texto [&hellip;]","og_url":"https:\/\/solexpert.es\/es\/cookies\/","og_site_name":"\u25b6 Venta de toldos en L&#039; Escala","article_modified_time":"2022-08-06T08:52:17+00:00","twitter_card":"summary_large_image","twitter_misc":{"Tiempo de lectura":"7 minutos"},"schema":{"@context":"https:\/\/schema.org","@graph":[{"@type":"WebPage","@id":"https:\/\/solexpert.es\/es\/cookies\/","url":"https:\/\/solexpert.es\/es\/cookies\/","name":"Cookies - \u25b6 Venta de toldos en L&#039; Escala","isPartOf":{"@id":"https:\/\/solexpert.info\/#website"},"datePublished":"2022-04-25T21:55:33+00:00","dateModified":"2022-08-06T08:52:17+00:00","breadcrumb":{"@id":"https:\/\/solexpert.es\/es\/cookies\/#breadcrumb"},"inLanguage":"es","potentialAction":[{"@type":"ReadAction","target":["https:\/\/solexpert.es\/es\/cookies\/"]}]},{"@type":"BreadcrumbList","@id":"https:\/\/solexpert.es\/es\/cookies\/#breadcrumb","itemListElement":[{"@type":"ListItem","position":1,"name":"Inici","item":"https:\/\/solexpert.es\/es\/"},{"@type":"ListItem","position":2,"name":"Cookies"}]},{"@type":"WebSite","@id":"https:\/\/solexpert.info\/#website","url":"https:\/\/solexpert.info\/","name":"\u25b6 Venta de toldos en L&#039; Escala","description":"","publisher":{"@id":"https:\/\/solexpert.info\/#organization"},"potentialAction":[{"@type":"SearchAction","target":{"@type":"EntryPoint","urlTemplate":"https:\/\/solexpert.info\/?s={search_term_string}"},"query-input":{"@type":"PropertyValueSpecification","valueRequired":true,"valueName":"search_term_string"}}],"inLanguage":"es"},{"@type":"Organization","@id":"https:\/\/solexpert.info\/#organization","name":"\u25b6 Venta de toldos en L&#039; Escala","url":"https:\/\/solexpert.info\/","logo":{"@type":"ImageObject","inLanguage":"es","@id":"https:\/\/solexpert.info\/#\/schema\/logo\/image\/","url":"https:\/\/solexpert.es\/wp-content\/uploads\/2022\/04\/logo.png","contentUrl":"https:\/\/solexpert.es\/wp-content\/uploads\/2022\/04\/logo.png","width":890,"height":500,"caption":"\u25b6 Venta de toldos en L&#039; Escala"},"image":{"@id":"https:\/\/solexpert.info\/#\/schema\/logo\/image\/"}}]}},"_links":{"self":[{"href":"https:\/\/solexpert.es\/es\/wp-json\/wp\/v2\/pages\/4792","targetHints":{"allow":["GET"]}}],"collection":[{"href":"https:\/\/solexpert.es\/es\/wp-json\/wp\/v2\/pages"}],"about":[{"href":"https:\/\/solexpert.es\/es\/wp-json\/wp\/v2\/types\/page"}],"author":[{"embeddable":true,"href":"https:\/\/solexpert.es\/es\/wp-json\/wp\/v2\/users\/1"}],"replies":[{"embeddable":true,"href":"https:\/\/solexpert.es\/es\/wp-json\/wp\/v2\/comments?post=4792"}],"version-history":[{"count":11,"href":"https:\/\/solexpert.es\/es\/wp-json\/wp\/v2\/pages\/4792\/revisions"}],"predecessor-version":[{"id":6354,"href":"https:\/\/solexpert.es\/es\/wp-json\/wp\/v2\/pages\/4792\/revisions\/6354"}],"wp:attachment":[{"href":"https:\/\/solexpert.es\/es\/wp-json\/wp\/v2\/media?parent=4792"}],"curies":[{"name":"wp","href":"https:\/\/api.w.org\/{rel}","templated":true}]}}