{"id":6960,"date":"2024-05-09T12:51:17","date_gmt":"2024-05-09T12:51:17","guid":{"rendered":"https:\/\/solexpert.es\/?page_id=6960"},"modified":"2024-05-09T12:51:17","modified_gmt":"2024-05-09T12:51:17","slug":"avis-legal","status":"publish","type":"page","link":"https:\/\/solexpert.es\/es\/avis-legal","title":{"rendered":"Avis L\u00e9gal"},"content":{"rendered":"\t\t<div data-elementor-type=\"wp-page\" data-elementor-id=\"6960\" class=\"elementor elementor-6960\" data-elementor-post-type=\"page\">\n\t\t\t\t\t\t<section class=\"elementor-section elementor-top-section elementor-element elementor-element-39a6a04e elementor-section-full_width elementor-section-height-default elementor-section-height-default\" data-id=\"39a6a04e\" data-element_type=\"section\" data-e-type=\"section\" data-settings=\"{&quot;background_background&quot;:&quot;classic&quot;}\">\n\t\t\t\t\t\t\t<div class=\"elementor-background-overlay\"><\/div>\n\t\t\t\t\t\t\t<div class=\"elementor-container elementor-column-gap-no\">\n\t\t\t\t\t<div class=\"elementor-column elementor-col-100 elementor-top-column elementor-element elementor-element-3c7070bc\" data-id=\"3c7070bc\" data-element_type=\"column\" data-e-type=\"column\">\n\t\t\t<div class=\"elementor-widget-wrap elementor-element-populated\">\n\t\t\t\t\t\t<div class=\"elementor-element elementor-element-6f69701a elementor-widget elementor-widget-heading\" data-id=\"6f69701a\" data-element_type=\"widget\" data-e-type=\"widget\" data-widget_type=\"heading.default\">\n\t\t\t\t<div class=\"elementor-widget-container\">\n\t\t\t\t\t<h2 class=\"elementor-heading-title elementor-size-default\">Avertissement juridique<\/h2>\t\t\t\t<\/div>\n\t\t\t\t<\/div>\n\t\t\t\t\t<\/div>\n\t\t<\/div>\n\t\t\t\t\t<\/div>\n\t\t<\/section>\n\t\t\t\t<section class=\"elementor-section elementor-top-section elementor-element elementor-element-1a4ba6a9 elementor-section-boxed elementor-section-height-default elementor-section-height-default\" data-id=\"1a4ba6a9\" data-element_type=\"section\" data-e-type=\"section\">\n\t\t\t\t\t\t<div class=\"elementor-container elementor-column-gap-default\">\n\t\t\t\t\t<div class=\"elementor-column elementor-col-100 elementor-top-column elementor-element elementor-element-ce188ff\" data-id=\"ce188ff\" data-element_type=\"column\" data-e-type=\"column\">\n\t\t\t<div class=\"elementor-widget-wrap elementor-element-populated\">\n\t\t\t\t\t\t<div class=\"elementor-element elementor-element-97a76b3 elementor-widget elementor-widget-text-editor\" data-id=\"97a76b3\" data-element_type=\"widget\" data-e-type=\"widget\" data-widget_type=\"text-editor.default\">\n\t\t\t\t<div class=\"elementor-widget-container\">\n\t\t\t\t\t\t\t\t\t<div id=\"r5002\" class=\"row designRow\"><div class=\"conteneur conteneur-fluide\"><div class=\"col col-sm-12\"><div id=\"r2474\" class=\"row \"><div class=\"conteneur conteneur-fixe\"><div class=\"col col-sm-12 col-md-12\"><div class=\"texte du module\"><h2 class=\"subtitle\">Mentions l\u00e9gales<\/h2><\/div><div class=\"texte du module\"><ol><li class=\"bodytext\">Le propri\u00e9taire de ce site est TENDALS L\u2019ESCALA, avec N.I.F. J55170104, avec adresse CARRER MAR 10, code postal 17130 de L\u2019Escala (Girona).<\/li><li>L\u2019acc\u00e8s au site TENDALS L\u00b4ESCALA est gratuit. Tout le contenu est la propri\u00e9t\u00e9 intellectuelle de TENDALS L\u2019ESCALA. Toute utilisation contraire aux r\u00e8gles sur la propri\u00e9t\u00e9 intellectuelle sera poursuivie conform\u00e9ment \u00e0 la l\u00e9gislation en vigueur.<\/li><\/ol><\/div><\/div><\/div><\/div><\/div><\/div><\/div>\t\t\t\t\t\t\t\t<\/div>\n\t\t\t\t<\/div>\n\t\t\t\t\t<\/div>\n\t\t<\/div>\n\t\t\t\t\t<\/div>\n\t\t<\/section>\n\t\t\t\t<\/div>\n\t\t","protected":false},"excerpt":{"rendered":"<p>Avertissement juridique Mentions l&eacute;gales Le propri&eacute;taire de ce site est TENDALS L&rsquo;ESCALA, avec N.I.F. J55170104, avec adresse CARRER MAR 10, code postal 17130 de L&rsquo;Escala (Girona). L&rsquo;acc&egrave;s au site TENDALS L&acute;ESCALA est gratuit. Tout le contenu est la propri&eacute;t&eacute; intellectuelle de TENDALS L&rsquo;ESCALA. Toute utilisation contraire aux r&egrave;gles sur la propri&eacute;t&eacute; intellectuelle sera poursuivie conform&eacute;ment &agrave; la l&eacute;gislation en vigueur.<\/p>\n","protected":false},"author":1,"featured_media":0,"parent":0,"menu_order":0,"comment_status":"closed","ping_status":"closed","template":"elementor_header_footer","meta":{"_joinchat":[],"footnotes":""},"class_list":["post-6960","page","type-page","status-publish","hentry"],"yoast_head":"<!-- This site is optimized with the Yoast SEO plugin v27.5 - https:\/\/yoast.com\/product\/yoast-seo-wordpress\/ -->\n<title>Avis L\u00e9gal - \u25b6 Venta de toldos en L&#039; Escala<\/title>\n<meta name=\"robots\" content=\"index, follow, max-snippet:-1, max-image-preview:large, max-video-preview:-1\" \/>\n<link rel=\"canonical\" href=\"https:\/\/solexpert.es\/es\/avis-legal\/\" \/>\n<meta property=\"og:locale\" content=\"es_ES\" \/>\n<meta property=\"og:type\" content=\"article\" \/>\n<meta property=\"og:title\" content=\"Avis L\u00e9gal - \u25b6 Venta de toldos en L&#039; Escala\" \/>\n<meta property=\"og:description\" content=\"Avertissement juridique Mentions l&eacute;gales Le propri&eacute;taire de ce site est TENDALS L&rsquo;ESCALA, avec N.I.F. J55170104, avec adresse CARRER MAR 10, code postal 17130 de L&rsquo;Escala (Girona). L&rsquo;acc&egrave;s au site TENDALS L&acute;ESCALA est gratuit. Tout le contenu est la propri&eacute;t&eacute; intellectuelle de TENDALS L&rsquo;ESCALA. Toute utilisation contraire aux r&egrave;gles sur la propri&eacute;t&eacute; intellectuelle sera poursuivie conform&eacute;ment &agrave; la l&eacute;gislation en vigueur.\" \/>\n<meta property=\"og:url\" content=\"https:\/\/solexpert.es\/es\/avis-legal\/\" \/>\n<meta property=\"og:site_name\" content=\"\u25b6 Venta de toldos en L&#039; Escala\" \/>\n<meta name=\"twitter:card\" content=\"summary_large_image\" \/>\n<meta name=\"twitter:label1\" content=\"Tiempo de lectura\" \/>\n\t<meta name=\"twitter:data1\" content=\"1 minuto\" \/>\n<script type=\"application\/ld+json\" class=\"yoast-schema-graph\">{\"@context\":\"https:\\\/\\\/schema.org\",\"@graph\":[{\"@type\":\"WebPage\",\"@id\":\"https:\\\/\\\/solexpert.es\\\/es\\\/avis-legal\\\/\",\"url\":\"https:\\\/\\\/solexpert.es\\\/es\\\/avis-legal\\\/\",\"name\":\"Avis L\u00e9gal - \u25b6 Venta de toldos en L&#039; Escala\",\"isPartOf\":{\"@id\":\"https:\\\/\\\/solexpert.info\\\/#website\"},\"datePublished\":\"2024-05-09T12:51:17+00:00\",\"breadcrumb\":{\"@id\":\"https:\\\/\\\/solexpert.es\\\/es\\\/avis-legal\\\/#breadcrumb\"},\"inLanguage\":\"es\",\"potentialAction\":[{\"@type\":\"ReadAction\",\"target\":[\"https:\\\/\\\/solexpert.es\\\/es\\\/avis-legal\\\/\"]}]},{\"@type\":\"BreadcrumbList\",\"@id\":\"https:\\\/\\\/solexpert.es\\\/es\\\/avis-legal\\\/#breadcrumb\",\"itemListElement\":[{\"@type\":\"ListItem\",\"position\":1,\"name\":\"Inici\",\"item\":\"https:\\\/\\\/solexpert.es\\\/es\\\/\"},{\"@type\":\"ListItem\",\"position\":2,\"name\":\"Avis L\u00e9gal\"}]},{\"@type\":\"WebSite\",\"@id\":\"https:\\\/\\\/solexpert.info\\\/#website\",\"url\":\"https:\\\/\\\/solexpert.info\\\/\",\"name\":\"\u25b6 Venta de toldos en L&#039; Escala\",\"description\":\"\",\"publisher\":{\"@id\":\"https:\\\/\\\/solexpert.info\\\/#organization\"},\"potentialAction\":[{\"@type\":\"SearchAction\",\"target\":{\"@type\":\"EntryPoint\",\"urlTemplate\":\"https:\\\/\\\/solexpert.info\\\/?s={search_term_string}\"},\"query-input\":{\"@type\":\"PropertyValueSpecification\",\"valueRequired\":true,\"valueName\":\"search_term_string\"}}],\"inLanguage\":\"es\"},{\"@type\":\"Organization\",\"@id\":\"https:\\\/\\\/solexpert.info\\\/#organization\",\"name\":\"\u25b6 Venta de toldos en L&#039; Escala\",\"url\":\"https:\\\/\\\/solexpert.info\\\/\",\"logo\":{\"@type\":\"ImageObject\",\"inLanguage\":\"es\",\"@id\":\"https:\\\/\\\/solexpert.info\\\/#\\\/schema\\\/logo\\\/image\\\/\",\"url\":\"https:\\\/\\\/solexpert.es\\\/wp-content\\\/uploads\\\/2022\\\/04\\\/logo.png\",\"contentUrl\":\"https:\\\/\\\/solexpert.es\\\/wp-content\\\/uploads\\\/2022\\\/04\\\/logo.png\",\"width\":890,\"height\":500,\"caption\":\"\u25b6 Venta de toldos en L&#039; Escala\"},\"image\":{\"@id\":\"https:\\\/\\\/solexpert.info\\\/#\\\/schema\\\/logo\\\/image\\\/\"}}]}<\/script>\n<!-- \/ Yoast SEO plugin. -->","yoast_head_json":{"title":"Avis L\u00e9gal - \u25b6 Venta de toldos en L&#039; Escala","robots":{"index":"index","follow":"follow","max-snippet":"max-snippet:-1","max-image-preview":"max-image-preview:large","max-video-preview":"max-video-preview:-1"},"canonical":"https:\/\/solexpert.es\/es\/avis-legal\/","og_locale":"es_ES","og_type":"article","og_title":"Avis L\u00e9gal - \u25b6 Venta de toldos en L&#039; Escala","og_description":"Avertissement juridique Mentions l&eacute;gales Le propri&eacute;taire de ce site est TENDALS L&rsquo;ESCALA, avec N.I.F. J55170104, avec adresse CARRER MAR 10, code postal 17130 de L&rsquo;Escala (Girona). L&rsquo;acc&egrave;s au site TENDALS L&acute;ESCALA est gratuit. Tout le contenu est la propri&eacute;t&eacute; intellectuelle de TENDALS L&rsquo;ESCALA. Toute utilisation contraire aux r&egrave;gles sur la propri&eacute;t&eacute; intellectuelle sera poursuivie conform&eacute;ment &agrave; la l&eacute;gislation en vigueur.","og_url":"https:\/\/solexpert.es\/es\/avis-legal\/","og_site_name":"\u25b6 Venta de toldos en L&#039; Escala","twitter_card":"summary_large_image","twitter_misc":{"Tiempo de lectura":"1 minuto"},"schema":{"@context":"https:\/\/schema.org","@graph":[{"@type":"WebPage","@id":"https:\/\/solexpert.es\/es\/avis-legal\/","url":"https:\/\/solexpert.es\/es\/avis-legal\/","name":"Avis L\u00e9gal - \u25b6 Venta de toldos en L&#039; Escala","isPartOf":{"@id":"https:\/\/solexpert.info\/#website"},"datePublished":"2024-05-09T12:51:17+00:00","breadcrumb":{"@id":"https:\/\/solexpert.es\/es\/avis-legal\/#breadcrumb"},"inLanguage":"es","potentialAction":[{"@type":"ReadAction","target":["https:\/\/solexpert.es\/es\/avis-legal\/"]}]},{"@type":"BreadcrumbList","@id":"https:\/\/solexpert.es\/es\/avis-legal\/#breadcrumb","itemListElement":[{"@type":"ListItem","position":1,"name":"Inici","item":"https:\/\/solexpert.es\/es\/"},{"@type":"ListItem","position":2,"name":"Avis L\u00e9gal"}]},{"@type":"WebSite","@id":"https:\/\/solexpert.info\/#website","url":"https:\/\/solexpert.info\/","name":"\u25b6 Venta de toldos en L&#039; Escala","description":"","publisher":{"@id":"https:\/\/solexpert.info\/#organization"},"potentialAction":[{"@type":"SearchAction","target":{"@type":"EntryPoint","urlTemplate":"https:\/\/solexpert.info\/?s={search_term_string}"},"query-input":{"@type":"PropertyValueSpecification","valueRequired":true,"valueName":"search_term_string"}}],"inLanguage":"es"},{"@type":"Organization","@id":"https:\/\/solexpert.info\/#organization","name":"\u25b6 Venta de toldos en L&#039; Escala","url":"https:\/\/solexpert.info\/","logo":{"@type":"ImageObject","inLanguage":"es","@id":"https:\/\/solexpert.info\/#\/schema\/logo\/image\/","url":"https:\/\/solexpert.es\/wp-content\/uploads\/2022\/04\/logo.png","contentUrl":"https:\/\/solexpert.es\/wp-content\/uploads\/2022\/04\/logo.png","width":890,"height":500,"caption":"\u25b6 Venta de toldos en L&#039; Escala"},"image":{"@id":"https:\/\/solexpert.info\/#\/schema\/logo\/image\/"}}]}},"_links":{"self":[{"href":"https:\/\/solexpert.es\/es\/wp-json\/wp\/v2\/pages\/6960","targetHints":{"allow":["GET"]}}],"collection":[{"href":"https:\/\/solexpert.es\/es\/wp-json\/wp\/v2\/pages"}],"about":[{"href":"https:\/\/solexpert.es\/es\/wp-json\/wp\/v2\/types\/page"}],"author":[{"embeddable":true,"href":"https:\/\/solexpert.es\/es\/wp-json\/wp\/v2\/users\/1"}],"replies":[{"embeddable":true,"href":"https:\/\/solexpert.es\/es\/wp-json\/wp\/v2\/comments?post=6960"}],"version-history":[{"count":4,"href":"https:\/\/solexpert.es\/es\/wp-json\/wp\/v2\/pages\/6960\/revisions"}],"predecessor-version":[{"id":6964,"href":"https:\/\/solexpert.es\/es\/wp-json\/wp\/v2\/pages\/6960\/revisions\/6964"}],"wp:attachment":[{"href":"https:\/\/solexpert.es\/es\/wp-json\/wp\/v2\/media?parent=6960"}],"curies":[{"name":"wp","href":"https:\/\/api.w.org\/{rel}","templated":true}]}}