{"id":6965,"date":"2024-05-09T12:47:32","date_gmt":"2024-05-09T12:47:32","guid":{"rendered":"https:\/\/solexpert.es\/?page_id=6965"},"modified":"2024-05-09T23:42:49","modified_gmt":"2024-05-09T23:42:49","slug":"moustiquaires","status":"publish","type":"page","link":"https:\/\/solexpert.es\/fr\/moustiquaires","title":{"rendered":"Moustiquaires"},"content":{"rendered":"\t\t<div data-elementor-type=\"wp-page\" data-elementor-id=\"6965\" class=\"elementor elementor-6965\" data-elementor-post-type=\"page\">\n\t\t\t\t\t\t<section class=\"elementor-section elementor-top-section elementor-element elementor-element-11512a36 elementor-section-full_width elementor-section-height-default elementor-section-height-default\" data-id=\"11512a36\" data-element_type=\"section\" data-e-type=\"section\">\n\t\t\t\t\t\t<div class=\"elementor-container elementor-column-gap-no\">\n\t\t\t\t\t<div class=\"elementor-column elementor-col-100 elementor-top-column elementor-element elementor-element-12996bb\" data-id=\"12996bb\" data-element_type=\"column\" data-e-type=\"column\">\n\t\t\t<div class=\"elementor-widget-wrap\">\n\t\t\t\t\t\t\t<\/div>\n\t\t<\/div>\n\t\t\t\t\t<\/div>\n\t\t<\/section>\n\t\t\t\t<section class=\"elementor-section elementor-top-section elementor-element elementor-element-43d79410 elementor-section-content-middle elementor-section-boxed elementor-section-height-default elementor-section-height-default elementor-invisible\" data-id=\"43d79410\" data-element_type=\"section\" data-e-type=\"section\" data-settings=\"{&quot;animation&quot;:&quot;fadeIn&quot;,&quot;background_background&quot;:&quot;classic&quot;}\">\n\t\t\t\t\t\t<div class=\"elementor-container elementor-column-gap-no\">\n\t\t\t\t\t<div class=\"elementor-column elementor-col-100 elementor-top-column elementor-element elementor-element-1b8f8bc7\" data-id=\"1b8f8bc7\" data-element_type=\"column\" data-e-type=\"column\">\n\t\t\t<div class=\"elementor-widget-wrap elementor-element-populated\">\n\t\t\t\t\t\t<div class=\"elementor-element elementor-element-255b7688 elementor-widget elementor-widget-heading\" data-id=\"255b7688\" data-element_type=\"widget\" data-e-type=\"widget\" data-widget_type=\"heading.default\">\n\t\t\t\t<div class=\"elementor-widget-container\">\n\t\t\t\t\t<h4 class=\"elementor-heading-title elementor-size-default\">Vente de stores et moustiquaires \u00e0 L'Escala<\/h4>\t\t\t\t<\/div>\n\t\t\t\t<\/div>\n\t\t\t\t<div class=\"elementor-element elementor-element-79b22fed elementor-widget-divider--view-line elementor-widget elementor-widget-divider\" data-id=\"79b22fed\" data-element_type=\"widget\" data-e-type=\"widget\" data-widget_type=\"divider.default\">\n\t\t\t\t<div class=\"elementor-widget-container\">\n\t\t\t\t\t\t\t<div class=\"elementor-divider\">\n\t\t\t<span class=\"elementor-divider-separator\">\n\t\t\t\t\t\t<\/span>\n\t\t<\/div>\n\t\t\t\t\t\t<\/div>\n\t\t\t\t<\/div>\n\t\t\t\t\t<\/div>\n\t\t<\/div>\n\t\t\t\t\t<\/div>\n\t\t<\/section>\n\t\t\t\t<section class=\"elementor-section elementor-top-section elementor-element elementor-element-727f1c8 elementor-section-boxed elementor-section-height-default elementor-section-height-default\" data-id=\"727f1c8\" data-element_type=\"section\" data-e-type=\"section\">\n\t\t\t\t\t\t<div class=\"elementor-container elementor-column-gap-default\">\n\t\t\t\t\t<div class=\"elementor-column elementor-col-50 elementor-top-column elementor-element elementor-element-750eba50\" data-id=\"750eba50\" data-element_type=\"column\" data-e-type=\"column\">\n\t\t\t<div class=\"elementor-widget-wrap elementor-element-populated\">\n\t\t\t\t\t\t<div class=\"elementor-element elementor-element-2b153ab7 elementor-widget elementor-widget-image\" data-id=\"2b153ab7\" data-element_type=\"widget\" data-e-type=\"widget\" data-widget_type=\"image.default\">\n\t\t\t\t<div class=\"elementor-widget-container\">\n\t\t\t\t\t\t\t\t\t\t\t\t\t\t\t\t<a href=\"https:\/\/solexpert.es\/wp-content\/uploads\/2022\/06\/bd6e9b34-5a27-460b-ba89-f2eba7465b61.jpeg\" data-elementor-open-lightbox=\"yes\" data-elementor-lightbox-title=\"bd6e9b34-5a27-460b-ba89-f2eba7465b61\" data-e-action-hash=\"#elementor-action%3Aaction%3Dlightbox%26settings%3DeyJpZCI6NTMzNiwidXJsIjoiaHR0cHM6XC9cL3NvbGV4cGVydC5lc1wvd3AtY29udGVudFwvdXBsb2Fkc1wvMjAyMlwvMDZcL2JkNmU5YjM0LTVhMjctNDYwYi1iYTg5LWYyZWJhNzQ2NWI2MS5qcGVnIn0%3D\">\n\t\t\t\t\t\t\t<img decoding=\"async\" src=\"https:\/\/solexpert.es\/wp-content\/uploads\/elementor\/thumbs\/bd6e9b34-5a27-460b-ba89-f2eba7465b61-pr0o706vhgb40xby0u2sfsc6cvhqub2iapoqxwuh5o.jpeg\" title=\"bd6e9b34-5a27-460b-ba89-f2eba7465b61\" alt=\"bd6e9b34-5a27-460b-ba89-f2eba7465b61\" loading=\"lazy\" \/>\t\t\t\t\t\t\t\t<\/a>\n\t\t\t\t\t\t\t\t\t\t\t\t\t\t\t<\/div>\n\t\t\t\t<\/div>\n\t\t\t\t\t<\/div>\n\t\t<\/div>\n\t\t\t\t<div class=\"elementor-column elementor-col-50 elementor-top-column elementor-element elementor-element-123ab14\" data-id=\"123ab14\" data-element_type=\"column\" data-e-type=\"column\">\n\t\t\t<div class=\"elementor-widget-wrap elementor-element-populated\">\n\t\t\t\t\t\t<div class=\"elementor-element elementor-element-437dcf0 elementor-widget elementor-widget-image\" data-id=\"437dcf0\" data-element_type=\"widget\" data-e-type=\"widget\" data-widget_type=\"image.default\">\n\t\t\t\t<div class=\"elementor-widget-container\">\n\t\t\t\t\t\t\t\t\t\t\t\t\t\t\t\t<a href=\"https:\/\/solexpert.es\/wp-content\/uploads\/2022\/06\/3fecd5bb-45cb-4cd5-9660-015115df8493.jpeg\" data-elementor-open-lightbox=\"yes\" data-elementor-lightbox-title=\"3fecd5bb-45cb-4cd5-9660-015115df8493\" data-e-action-hash=\"#elementor-action%3Aaction%3Dlightbox%26settings%3DeyJpZCI6NTMyOSwidXJsIjoiaHR0cHM6XC9cL3NvbGV4cGVydC5lc1wvd3AtY29udGVudFwvdXBsb2Fkc1wvMjAyMlwvMDZcLzNmZWNkNWJiLTQ1Y2ItNGNkNS05NjYwLTAxNTExNWRmODQ5My5qcGVnIn0%3D\">\n\t\t\t\t\t\t\t<img decoding=\"async\" src=\"https:\/\/solexpert.es\/wp-content\/uploads\/elementor\/thumbs\/3fecd5bb-45cb-4cd5-9660-015115df8493-pr0o26aqd3p2d2cj88wt4i7wglauaaw5yszx5q0b4s.jpeg\" title=\"3fecd5bb-45cb-4cd5-9660-015115df8493\" alt=\"3fecd5bb-45cb-4cd5-9660-015115df8493\" loading=\"lazy\" \/>\t\t\t\t\t\t\t\t<\/a>\n\t\t\t\t\t\t\t\t\t\t\t\t\t\t\t<\/div>\n\t\t\t\t<\/div>\n\t\t\t\t\t<\/div>\n\t\t<\/div>\n\t\t\t\t\t<\/div>\n\t\t<\/section>\n\t\t\t\t<section class=\"elementor-section elementor-top-section elementor-element elementor-element-cf63f9 elementor-section-boxed elementor-section-height-default elementor-section-height-default\" data-id=\"cf63f9\" data-element_type=\"section\" data-e-type=\"section\" data-settings=\"{&quot;background_background&quot;:&quot;classic&quot;}\">\n\t\t\t\t\t\t\t<div class=\"elementor-background-overlay\"><\/div>\n\t\t\t\t\t\t\t<div class=\"elementor-container elementor-column-gap-default\">\n\t\t\t\t\t<div class=\"elementor-column elementor-col-100 elementor-top-column elementor-element elementor-element-7037ea67\" data-id=\"7037ea67\" data-element_type=\"column\" data-e-type=\"column\">\n\t\t\t<div class=\"elementor-widget-wrap elementor-element-populated\">\n\t\t\t\t\t\t<section class=\"elementor-section elementor-inner-section elementor-element elementor-element-415193a6 elementor-section-boxed elementor-section-height-default elementor-section-height-default\" data-id=\"415193a6\" data-element_type=\"section\" data-e-type=\"section\">\n\t\t\t\t\t\t<div class=\"elementor-container elementor-column-gap-default\">\n\t\t\t\t\t<div class=\"elementor-column elementor-col-100 elementor-inner-column elementor-element elementor-element-1bf6097c\" data-id=\"1bf6097c\" data-element_type=\"column\" data-e-type=\"column\">\n\t\t\t<div class=\"elementor-widget-wrap elementor-element-populated\">\n\t\t\t\t\t\t<div class=\"elementor-element elementor-element-2d599030 elementor-widget elementor-widget-heading\" data-id=\"2d599030\" data-element_type=\"widget\" data-e-type=\"widget\" data-widget_type=\"heading.default\">\n\t\t\t\t<div class=\"elementor-widget-container\">\n\t\t\t\t\t<h2 class=\"elementor-heading-title elementor-size-default\">PLUS D'INFORMATION<\/h2>\t\t\t\t<\/div>\n\t\t\t\t<\/div>\n\t\t\t\t<div class=\"elementor-element elementor-element-1e2e82f6 elementor-widget elementor-widget-text-editor\" data-id=\"1e2e82f6\" data-element_type=\"widget\" data-e-type=\"widget\" data-widget_type=\"text-editor.default\">\n\t\t\t\t<div class=\"elementor-widget-container\">\n\t\t\t\t\t\t\t\t\t<p>Encara dubtes a decidir-te? No li donis m\u00e9s voltes i contacta&rsquo;ns a trav\u00e9s del nostre formulari web.<\/p>\t\t\t\t\t\t\t\t<\/div>\n\t\t\t\t<\/div>\n\t\t\t\t<div class=\"elementor-element elementor-element-218cf569 elementor-align-center elementor-widget elementor-widget-button\" data-id=\"218cf569\" data-element_type=\"widget\" data-e-type=\"widget\" data-widget_type=\"button.default\">\n\t\t\t\t<div class=\"elementor-widget-container\">\n\t\t\t\t\t\t\t\t\t<div class=\"elementor-button-wrapper\">\n\t\t\t\t\t<a class=\"elementor-button elementor-button-link elementor-size-sm\" href=\"https:\/\/solexpert.es\/contactar\/\">\n\t\t\t\t\t\t<span class=\"elementor-button-content-wrapper\">\n\t\t\t\t\t\t\t\t\t<span class=\"elementor-button-text\">DEMANDER UN DEVIS<\/span>\n\t\t\t\t\t<\/span>\n\t\t\t\t\t<\/a>\n\t\t\t\t<\/div>\n\t\t\t\t\t\t\t\t<\/div>\n\t\t\t\t<\/div>\n\t\t\t\t\t<\/div>\n\t\t<\/div>\n\t\t\t\t\t<\/div>\n\t\t<\/section>\n\t\t\t\t\t<\/div>\n\t\t<\/div>\n\t\t\t\t\t<\/div>\n\t\t<\/section>\n\t\t\t\t<section class=\"elementor-section elementor-top-section elementor-element elementor-element-2e46069 elementor-section-boxed elementor-section-height-default elementor-section-height-default\" data-id=\"2e46069\" data-element_type=\"section\" data-e-type=\"section\" data-settings=\"{&quot;background_background&quot;:&quot;classic&quot;}\">\n\t\t\t\t\t\t<div class=\"elementor-container elementor-column-gap-default\">\n\t\t\t\t\t<div class=\"elementor-column elementor-col-100 elementor-top-column elementor-element elementor-element-92b2849\" data-id=\"92b2849\" data-element_type=\"column\" data-e-type=\"column\">\n\t\t\t<div class=\"elementor-widget-wrap elementor-element-populated\">\n\t\t\t\t\t\t<div class=\"elementor-element elementor-element-d4684bf elementor-widget elementor-widget-heading\" data-id=\"d4684bf\" data-element_type=\"widget\" data-e-type=\"widget\" data-widget_type=\"heading.default\">\n\t\t\t\t<div class=\"elementor-widget-container\">\n\t\t\t\t\t<h5 class=\"elementor-heading-title elementor-size-default\">FOURNISSEURS<\/h5>\t\t\t\t<\/div>\n\t\t\t\t<\/div>\n\t\t\t\t\t<\/div>\n\t\t<\/div>\n\t\t\t\t\t<\/div>\n\t\t<\/section>\n\t\t\t\t<section class=\"elementor-section elementor-top-section elementor-element elementor-element-776cd1bc elementor-section-boxed elementor-section-height-default elementor-section-height-default\" data-id=\"776cd1bc\" data-element_type=\"section\" data-e-type=\"section\" data-settings=\"{&quot;background_background&quot;:&quot;classic&quot;}\">\n\t\t\t\t\t\t<div class=\"elementor-container elementor-column-gap-default\">\n\t\t\t\t\t<div class=\"elementor-column elementor-col-100 elementor-top-column elementor-element elementor-element-6c051423\" data-id=\"6c051423\" data-element_type=\"column\" data-e-type=\"column\">\n\t\t\t<div class=\"elementor-widget-wrap elementor-element-populated\">\n\t\t\t\t\t\t<div class=\"elementor-element elementor-element-290f2ae5 elementor-widget-divider--view-line elementor-widget elementor-widget-divider\" data-id=\"290f2ae5\" data-element_type=\"widget\" data-e-type=\"widget\" data-widget_type=\"divider.default\">\n\t\t\t\t<div class=\"elementor-widget-container\">\n\t\t\t\t\t\t\t<div class=\"elementor-divider\">\n\t\t\t<span class=\"elementor-divider-separator\">\n\t\t\t\t\t\t<\/span>\n\t\t<\/div>\n\t\t\t\t\t\t<\/div>\n\t\t\t\t<\/div>\n\t\t\t\t\t<\/div>\n\t\t<\/div>\n\t\t\t\t\t<\/div>\n\t\t<\/section>\n\t\t\t\t<section class=\"elementor-section elementor-top-section elementor-element elementor-element-20b8d533 elementor-section-boxed elementor-section-height-default elementor-section-height-default\" data-id=\"20b8d533\" data-element_type=\"section\" data-e-type=\"section\" data-settings=\"{&quot;background_background&quot;:&quot;classic&quot;}\">\n\t\t\t\t\t\t<div class=\"elementor-container elementor-column-gap-default\">\n\t\t\t\t\t<div class=\"elementor-column elementor-col-100 elementor-top-column elementor-element elementor-element-1de3c033\" data-id=\"1de3c033\" data-element_type=\"column\" data-e-type=\"column\">\n\t\t\t<div class=\"elementor-widget-wrap elementor-element-populated\">\n\t\t\t\t\t\t<div class=\"elementor-element elementor-element-7cea8485 elementor-widget elementor-widget-text-editor\" data-id=\"7cea8485\" data-element_type=\"widget\" data-e-type=\"widget\" data-widget_type=\"text-editor.default\">\n\t\t\t\t<div class=\"elementor-widget-container\">\n\t\t\t\t\t\t\t\t\t\n\t\t<style>\n\t\t\t#wpls-logo-showcase-slider-1 .wpls-fix-box,\n\t\t\t#wpls-logo-showcase-slider-1 .wpls-fix-box img.wp-post-image{max-height:250px; }\n\t\t<\/style>\n\n\t\t<div class=\"wpls-wrap wpls-logo-showcase-slider-wrp wpls-logo-clearfix wpls-design-1 \" data-conf=\"{&quot;slides_column&quot;:4,&quot;slides_scroll&quot;:1,&quot;dots&quot;:&quot;true&quot;,&quot;arrows&quot;:&quot;true&quot;,&quot;autoplay&quot;:&quot;true&quot;,&quot;autoplay_interval&quot;:3000,&quot;loop&quot;:&quot;true&quot;,&quot;rtl&quot;:&quot;false&quot;,&quot;speed&quot;:800,&quot;center_mode&quot;:&quot;false&quot;,&quot;lazyload&quot;:&quot;&quot;}\">\n\t\t\t<div class=\"wpls-logo-showcase logo_showcase wpls-logo-slider  sliderimage_hide_border \" id=\"wpls-logo-showcase-slider-1\" >\n\t\t\t\t<div class=\"wpls-logo-cnt\">\n\t<div class=\"wpls-fix-box\">\n\t\t\t\t<img decoding=\"async\" class=\"wp-post-image\"  src=\"https:\/\/solexpert.es\/wp-content\/uploads\/2022\/03\/gaviota.png\" alt=\"\" \/>\n\t\t\t<\/div>\n\t<\/div><div class=\"wpls-logo-cnt\">\n\t<div class=\"wpls-fix-box\">\n\t\t\t\t<img decoding=\"async\" class=\"wp-post-image\"  src=\"https:\/\/solexpert.es\/wp-content\/uploads\/2022\/03\/1004949-Marca-3.png\" alt=\"\" \/>\n\t\t\t<\/div>\n\t<\/div><div class=\"wpls-logo-cnt\">\n\t<div class=\"wpls-fix-box\">\n\t\t\t\t<img decoding=\"async\" class=\"wp-post-image\"  src=\"https:\/\/solexpert.es\/wp-content\/uploads\/2022\/03\/flexol.jpeg\" alt=\"\" \/>\n\t\t\t<\/div>\n\t<\/div><div class=\"wpls-logo-cnt\">\n\t<div class=\"wpls-fix-box\">\n\t\t\t\t<img decoding=\"async\" class=\"wp-post-image\"  src=\"https:\/\/solexpert.es\/wp-content\/uploads\/2022\/04\/logo-acudam-stora.jpg\" alt=\"\" \/>\n\t\t\t<\/div>\n\t<\/div><div class=\"wpls-logo-cnt\">\n\t<div class=\"wpls-fix-box\">\n\t\t\t\t<img decoding=\"async\" class=\"wp-post-image\"  src=\"https:\/\/solexpert.es\/wp-content\/uploads\/2022\/06\/1004947-Marca.png\" alt=\"\" \/>\n\t\t\t<\/div>\n\t<\/div>\t\t\t<\/div>\n\t\t<\/div>\n\n\t\t\t\t\t\t\t\t\t\t<\/div>\n\t\t\t\t<\/div>\n\t\t\t\t\t<\/div>\n\t\t<\/div>\n\t\t\t\t\t<\/div>\n\t\t<\/section>\n\t\t\t\t<section class=\"elementor-section elementor-inner-section elementor-element elementor-element-196418a1 elementor-section-boxed elementor-section-height-default elementor-section-height-default elementor-invisible\" data-id=\"196418a1\" data-element_type=\"section\" data-e-type=\"section\" data-settings=\"{&quot;background_background&quot;:&quot;gradient&quot;,&quot;animation&quot;:&quot;fadeInRight&quot;}\">\n\t\t\t\t\t\t<div class=\"elementor-container elementor-column-gap-default\">\n\t\t\t\t\t<div class=\"elementor-column elementor-col-100 elementor-inner-column elementor-element elementor-element-20d71d27\" data-id=\"20d71d27\" data-element_type=\"column\" data-e-type=\"column\">\n\t\t\t<div class=\"elementor-widget-wrap elementor-element-populated\">\n\t\t\t\t\t\t<div class=\"elementor-element elementor-element-64a17d2 elementor-widget elementor-widget-heading\" data-id=\"64a17d2\" data-element_type=\"widget\" data-e-type=\"widget\" data-widget_type=\"heading.default\">\n\t\t\t\t<div class=\"elementor-widget-container\">\n\t\t\t\t\t<h3 class=\"elementor-heading-title elementor-size-default\">Contactez-nous et demandez nos services<\/h3>\t\t\t\t<\/div>\n\t\t\t\t<\/div>\n\t\t\t\t<div class=\"elementor-element elementor-element-6461fad4 elementor-widget elementor-widget-text-editor\" data-id=\"6461fad4\" data-element_type=\"widget\" data-e-type=\"widget\" data-widget_type=\"text-editor.default\">\n\t\t\t\t<div class=\"elementor-widget-container\">\n\t\t\t\t\t\t\t\t\t<p style=\"text-align: center;\">Notre employ\u00e9 vous contactera d\u00e8s que la demande sera trait\u00e9e.<\/p>\t\t\t\t\t\t\t\t<\/div>\n\t\t\t\t<\/div>\n\t\t\t\t\t<\/div>\n\t\t<\/div>\n\t\t\t\t\t<\/div>\n\t\t<\/section>\n\t\t\t\t<\/div>\n\t\t","protected":false},"excerpt":{"rendered":"<p>Vente de stores et moustiquaires &agrave; L&rsquo;Escala PLUS D&rsquo;INFORMATION Encara dubtes a decidir-te? No li donis m&eacute;s voltes i contacta&rsquo;ns a trav&eacute;s del nostre formulari web. DEMANDER UN DEVIS FOURNISSEURS Contactez-nous et demandez nos services Notre employ&eacute; vous contactera d&egrave;s que la demande sera trait&eacute;e.<\/p>\n","protected":false},"author":1,"featured_media":0,"parent":0,"menu_order":0,"comment_status":"closed","ping_status":"closed","template":"","meta":{"_joinchat":[],"footnotes":""},"class_list":["post-6965","page","type-page","status-publish","hentry"],"yoast_head":"<!-- This site is optimized with the Yoast SEO plugin v27.3 - https:\/\/yoast.com\/product\/yoast-seo-wordpress\/ -->\n<title>Moustiquaires - \u25b6 Venta de toldos en L&#039; Escala<\/title>\n<meta name=\"description\" content=\"Achetez des moustiquaires personnalis\u00e9es en ligne et prot\u00e9gez votre maison contre les moustiques et les insectes. Oubliez les moustiques\" \/>\n<meta name=\"robots\" content=\"index, follow, max-snippet:-1, max-image-preview:large, max-video-preview:-1\" \/>\n<link rel=\"canonical\" href=\"https:\/\/solexpert.es\/fr\/moustiquaires\/\" \/>\n<meta property=\"og:locale\" content=\"fr_FR\" \/>\n<meta property=\"og:type\" content=\"article\" \/>\n<meta property=\"og:title\" content=\"Moustiquaires - \u25b6 Venta de toldos en L&#039; Escala\" \/>\n<meta property=\"og:description\" content=\"Achetez des moustiquaires personnalis\u00e9es en ligne et prot\u00e9gez votre maison contre les moustiques et les insectes. Oubliez les moustiques\" \/>\n<meta property=\"og:url\" content=\"https:\/\/solexpert.es\/fr\/moustiquaires\/\" \/>\n<meta property=\"og:site_name\" content=\"\u25b6 Venta de toldos en L&#039; Escala\" \/>\n<meta property=\"article:modified_time\" content=\"2024-05-09T23:42:49+00:00\" \/>\n<meta property=\"og:image\" content=\"https:\/\/solexpert.es\/wp-content\/uploads\/elementor\/thumbs\/bd6e9b34-5a27-460b-ba89-f2eba7465b61-pr0o706vhgb40xby0u2sfsc6cvhqub2iapoqxwuh5o.jpeg\" \/>\n<meta name=\"twitter:card\" content=\"summary_large_image\" \/>\n<meta name=\"twitter:label1\" content=\"Dur\u00e9e de lecture estim\u00e9e\" \/>\n\t<meta name=\"twitter:data1\" content=\"1 minute\" \/>\n<script type=\"application\/ld+json\" class=\"yoast-schema-graph\">{\"@context\":\"https:\\\/\\\/schema.org\",\"@graph\":[{\"@type\":\"WebPage\",\"@id\":\"https:\\\/\\\/solexpert.es\\\/fr\\\/moustiquaires\\\/\",\"url\":\"https:\\\/\\\/solexpert.es\\\/fr\\\/moustiquaires\\\/\",\"name\":\"Moustiquaires - \u25b6 Venta de toldos en L&#039; Escala\",\"isPartOf\":{\"@id\":\"https:\\\/\\\/solexpert.info\\\/#website\"},\"primaryImageOfPage\":{\"@id\":\"https:\\\/\\\/solexpert.es\\\/fr\\\/moustiquaires\\\/#primaryimage\"},\"image\":{\"@id\":\"https:\\\/\\\/solexpert.es\\\/fr\\\/moustiquaires\\\/#primaryimage\"},\"thumbnailUrl\":\"https:\\\/\\\/solexpert.es\\\/wp-content\\\/uploads\\\/elementor\\\/thumbs\\\/bd6e9b34-5a27-460b-ba89-f2eba7465b61-pr0o706vhgb40xby0u2sfsc6cvhqub2iapoqxwuh5o.jpeg\",\"datePublished\":\"2024-05-09T12:47:32+00:00\",\"dateModified\":\"2024-05-09T23:42:49+00:00\",\"description\":\"Achetez des moustiquaires personnalis\u00e9es en ligne et prot\u00e9gez votre maison contre les moustiques et les insectes. Oubliez les moustiques\",\"breadcrumb\":{\"@id\":\"https:\\\/\\\/solexpert.es\\\/fr\\\/moustiquaires\\\/#breadcrumb\"},\"inLanguage\":\"fr-FR\",\"potentialAction\":[{\"@type\":\"ReadAction\",\"target\":[\"https:\\\/\\\/solexpert.es\\\/fr\\\/moustiquaires\\\/\"]}]},{\"@type\":\"ImageObject\",\"inLanguage\":\"fr-FR\",\"@id\":\"https:\\\/\\\/solexpert.es\\\/fr\\\/moustiquaires\\\/#primaryimage\",\"url\":\"https:\\\/\\\/solexpert.es\\\/wp-content\\\/uploads\\\/elementor\\\/thumbs\\\/bd6e9b34-5a27-460b-ba89-f2eba7465b61-pr0o706vhgb40xby0u2sfsc6cvhqub2iapoqxwuh5o.jpeg\",\"contentUrl\":\"https:\\\/\\\/solexpert.es\\\/wp-content\\\/uploads\\\/elementor\\\/thumbs\\\/bd6e9b34-5a27-460b-ba89-f2eba7465b61-pr0o706vhgb40xby0u2sfsc6cvhqub2iapoqxwuh5o.jpeg\"},{\"@type\":\"BreadcrumbList\",\"@id\":\"https:\\\/\\\/solexpert.es\\\/fr\\\/moustiquaires\\\/#breadcrumb\",\"itemListElement\":[{\"@type\":\"ListItem\",\"position\":1,\"name\":\"Inici\",\"item\":\"https:\\\/\\\/solexpert.es\\\/fr\\\/\"},{\"@type\":\"ListItem\",\"position\":2,\"name\":\"Moustiquaires\"}]},{\"@type\":\"WebSite\",\"@id\":\"https:\\\/\\\/solexpert.info\\\/#website\",\"url\":\"https:\\\/\\\/solexpert.info\\\/\",\"name\":\"\u25b6 Venta de toldos en L&#039; Escala\",\"description\":\"\",\"publisher\":{\"@id\":\"https:\\\/\\\/solexpert.info\\\/#organization\"},\"potentialAction\":[{\"@type\":\"SearchAction\",\"target\":{\"@type\":\"EntryPoint\",\"urlTemplate\":\"https:\\\/\\\/solexpert.info\\\/?s={search_term_string}\"},\"query-input\":{\"@type\":\"PropertyValueSpecification\",\"valueRequired\":true,\"valueName\":\"search_term_string\"}}],\"inLanguage\":\"fr-FR\"},{\"@type\":\"Organization\",\"@id\":\"https:\\\/\\\/solexpert.info\\\/#organization\",\"name\":\"\u25b6 Venta de toldos en L&#039; Escala\",\"url\":\"https:\\\/\\\/solexpert.info\\\/\",\"logo\":{\"@type\":\"ImageObject\",\"inLanguage\":\"fr-FR\",\"@id\":\"https:\\\/\\\/solexpert.info\\\/#\\\/schema\\\/logo\\\/image\\\/\",\"url\":\"https:\\\/\\\/solexpert.es\\\/wp-content\\\/uploads\\\/2022\\\/04\\\/logo.png\",\"contentUrl\":\"https:\\\/\\\/solexpert.es\\\/wp-content\\\/uploads\\\/2022\\\/04\\\/logo.png\",\"width\":890,\"height\":500,\"caption\":\"\u25b6 Venta de toldos en L&#039; Escala\"},\"image\":{\"@id\":\"https:\\\/\\\/solexpert.info\\\/#\\\/schema\\\/logo\\\/image\\\/\"}}]}<\/script>\n<!-- \/ Yoast SEO plugin. -->","yoast_head_json":{"title":"Moustiquaires - \u25b6 Venta de toldos en L&#039; Escala","description":"Achetez des moustiquaires personnalis\u00e9es en ligne et prot\u00e9gez votre maison contre les moustiques et les insectes. Oubliez les moustiques","robots":{"index":"index","follow":"follow","max-snippet":"max-snippet:-1","max-image-preview":"max-image-preview:large","max-video-preview":"max-video-preview:-1"},"canonical":"https:\/\/solexpert.es\/fr\/moustiquaires\/","og_locale":"fr_FR","og_type":"article","og_title":"Moustiquaires - \u25b6 Venta de toldos en L&#039; Escala","og_description":"Achetez des moustiquaires personnalis\u00e9es en ligne et prot\u00e9gez votre maison contre les moustiques et les insectes. Oubliez les moustiques","og_url":"https:\/\/solexpert.es\/fr\/moustiquaires\/","og_site_name":"\u25b6 Venta de toldos en L&#039; Escala","article_modified_time":"2024-05-09T23:42:49+00:00","og_image":[{"url":"https:\/\/solexpert.es\/wp-content\/uploads\/elementor\/thumbs\/bd6e9b34-5a27-460b-ba89-f2eba7465b61-pr0o706vhgb40xby0u2sfsc6cvhqub2iapoqxwuh5o.jpeg","type":"","width":"","height":""}],"twitter_card":"summary_large_image","twitter_misc":{"Dur\u00e9e de lecture estim\u00e9e":"1 minute"},"schema":{"@context":"https:\/\/schema.org","@graph":[{"@type":"WebPage","@id":"https:\/\/solexpert.es\/fr\/moustiquaires\/","url":"https:\/\/solexpert.es\/fr\/moustiquaires\/","name":"Moustiquaires - \u25b6 Venta de toldos en L&#039; Escala","isPartOf":{"@id":"https:\/\/solexpert.info\/#website"},"primaryImageOfPage":{"@id":"https:\/\/solexpert.es\/fr\/moustiquaires\/#primaryimage"},"image":{"@id":"https:\/\/solexpert.es\/fr\/moustiquaires\/#primaryimage"},"thumbnailUrl":"https:\/\/solexpert.es\/wp-content\/uploads\/elementor\/thumbs\/bd6e9b34-5a27-460b-ba89-f2eba7465b61-pr0o706vhgb40xby0u2sfsc6cvhqub2iapoqxwuh5o.jpeg","datePublished":"2024-05-09T12:47:32+00:00","dateModified":"2024-05-09T23:42:49+00:00","description":"Achetez des moustiquaires personnalis\u00e9es en ligne et prot\u00e9gez votre maison contre les moustiques et les insectes. Oubliez les moustiques","breadcrumb":{"@id":"https:\/\/solexpert.es\/fr\/moustiquaires\/#breadcrumb"},"inLanguage":"fr-FR","potentialAction":[{"@type":"ReadAction","target":["https:\/\/solexpert.es\/fr\/moustiquaires\/"]}]},{"@type":"ImageObject","inLanguage":"fr-FR","@id":"https:\/\/solexpert.es\/fr\/moustiquaires\/#primaryimage","url":"https:\/\/solexpert.es\/wp-content\/uploads\/elementor\/thumbs\/bd6e9b34-5a27-460b-ba89-f2eba7465b61-pr0o706vhgb40xby0u2sfsc6cvhqub2iapoqxwuh5o.jpeg","contentUrl":"https:\/\/solexpert.es\/wp-content\/uploads\/elementor\/thumbs\/bd6e9b34-5a27-460b-ba89-f2eba7465b61-pr0o706vhgb40xby0u2sfsc6cvhqub2iapoqxwuh5o.jpeg"},{"@type":"BreadcrumbList","@id":"https:\/\/solexpert.es\/fr\/moustiquaires\/#breadcrumb","itemListElement":[{"@type":"ListItem","position":1,"name":"Inici","item":"https:\/\/solexpert.es\/fr\/"},{"@type":"ListItem","position":2,"name":"Moustiquaires"}]},{"@type":"WebSite","@id":"https:\/\/solexpert.info\/#website","url":"https:\/\/solexpert.info\/","name":"\u25b6 Venta de toldos en L&#039; Escala","description":"","publisher":{"@id":"https:\/\/solexpert.info\/#organization"},"potentialAction":[{"@type":"SearchAction","target":{"@type":"EntryPoint","urlTemplate":"https:\/\/solexpert.info\/?s={search_term_string}"},"query-input":{"@type":"PropertyValueSpecification","valueRequired":true,"valueName":"search_term_string"}}],"inLanguage":"fr-FR"},{"@type":"Organization","@id":"https:\/\/solexpert.info\/#organization","name":"\u25b6 Venta de toldos en L&#039; Escala","url":"https:\/\/solexpert.info\/","logo":{"@type":"ImageObject","inLanguage":"fr-FR","@id":"https:\/\/solexpert.info\/#\/schema\/logo\/image\/","url":"https:\/\/solexpert.es\/wp-content\/uploads\/2022\/04\/logo.png","contentUrl":"https:\/\/solexpert.es\/wp-content\/uploads\/2022\/04\/logo.png","width":890,"height":500,"caption":"\u25b6 Venta de toldos en L&#039; Escala"},"image":{"@id":"https:\/\/solexpert.info\/#\/schema\/logo\/image\/"}}]}},"_links":{"self":[{"href":"https:\/\/solexpert.es\/fr\/wp-json\/wp\/v2\/pages\/6965","targetHints":{"allow":["GET"]}}],"collection":[{"href":"https:\/\/solexpert.es\/fr\/wp-json\/wp\/v2\/pages"}],"about":[{"href":"https:\/\/solexpert.es\/fr\/wp-json\/wp\/v2\/types\/page"}],"author":[{"embeddable":true,"href":"https:\/\/solexpert.es\/fr\/wp-json\/wp\/v2\/users\/1"}],"replies":[{"embeddable":true,"href":"https:\/\/solexpert.es\/fr\/wp-json\/wp\/v2\/comments?post=6965"}],"version-history":[{"count":6,"href":"https:\/\/solexpert.es\/fr\/wp-json\/wp\/v2\/pages\/6965\/revisions"}],"predecessor-version":[{"id":8378,"href":"https:\/\/solexpert.es\/fr\/wp-json\/wp\/v2\/pages\/6965\/revisions\/8378"}],"wp:attachment":[{"href":"https:\/\/solexpert.es\/fr\/wp-json\/wp\/v2\/media?parent=6965"}],"curies":[{"name":"wp","href":"https:\/\/api.w.org\/{rel}","templated":true}]}}